{"id":3200,"date":"2018-11-06T09:08:42","date_gmt":"2018-11-06T08:08:42","guid":{"rendered":"http:\/\/sosw.powiatwlodawski.pl\/?page_id=3200"},"modified":"2022-10-04T18:55:36","modified_gmt":"2022-10-04T16:55:36","slug":"stowarzyszenie-przyjaciol-osob-niepelnosprawnych-i-poszkodowanych","status":"publish","type":"page","link":"https:\/\/sosw.powiatwlodawski.pl\/index.php\/stowarzyszenie-przyjaciol-osob-niepelnosprawnych-i-poszkodowanych\/","title":{"rendered":"Stowarzyszenie Przyjaci\u00f3\u0142 Os\u00f3b Niepe\u0142nosprawnych i Poszkodowanych"},"content":{"rendered":"<h5><strong>SPRAWOZDANIE ZA ROK 2021<\/strong><\/h5>\n<p><a href=\"https:\/\/drive.google.com\/drive\/folders\/1CTzBUPWu07z0sLm1TPSDQdLFaaM5-L6o?usp=sharing\" target=\"_blank\" rel=\"noopener\"><strong>https:\/\/drive.google.com\/drive\/folders\/1CTzBUPWu07z0sLm1TPSDQdLFaaM5-L6o?usp=sharing<\/strong><\/a><\/p>\n<p>\u00a0<\/p>\n<p>\u00a0<\/p>\n\n\n<p><\/p>\n","protected":false},"excerpt":{"rendered":"<p>SPRAWOZDANIE ZA ROK 2021 https:\/\/drive.google.com\/drive\/folders\/1CTzBUPWu07z0sLm1TPSDQdLFaaM5-L6o?usp=sharing \u00a0 \u00a0<\/p>\n","protected":false},"author":2,"featured_media":0,"parent":0,"menu_order":0,"comment_status":"open","ping_status":"open","template":"","meta":{"footnotes":""},"_links":{"self":[{"href":"https:\/\/sosw.powiatwlodawski.pl\/index.php\/wp-json\/wp\/v2\/pages\/3200"}],"collection":[{"href":"https:\/\/sosw.powiatwlodawski.pl\/index.php\/wp-json\/wp\/v2\/pages"}],"about":[{"href":"https:\/\/sosw.powiatwlodawski.pl\/index.php\/wp-json\/wp\/v2\/types\/page"}],"author":[{"embeddable":true,"href":"https:\/\/sosw.powiatwlodawski.pl\/index.php\/wp-json\/wp\/v2\/users\/2"}],"replies":[{"embeddable":true,"href":"https:\/\/sosw.powiatwlodawski.pl\/index.php\/wp-json\/wp\/v2\/comments?post=3200"}],"version-history":[{"count":9,"href":"https:\/\/sosw.powiatwlodawski.pl\/index.php\/wp-json\/wp\/v2\/pages\/3200\/revisions"}],"predecessor-version":[{"id":12620,"href":"https:\/\/sosw.powiatwlodawski.pl\/index.php\/wp-json\/wp\/v2\/pages\/3200\/revisions\/12620"}],"wp:attachment":[{"href":"https:\/\/sosw.powiatwlodawski.pl\/index.php\/wp-json\/wp\/v2\/media?parent=3200"}],"curies":[{"name":"wp","href":"https:\/\/api.w.org\/{rel}","templated":true}]}}