{"id":2653,"date":"2017-06-12T14:01:23","date_gmt":"2017-06-12T12:01:23","guid":{"rendered":"http:\/\/sosw.powiatwlodawski.pl\/?page_id=2653"},"modified":"2025-11-25T12:57:25","modified_gmt":"2025-11-25T11:57:25","slug":"zasady-przyjecia-do-placowki","status":"publish","type":"page","link":"https:\/\/sosw.powiatwlodawski.pl\/index.php\/zasady-przyjecia-do-placowki\/","title":{"rendered":"Zasady przyj\u0119cia do plac\u00f3wki"},"content":{"rendered":"<p><strong>Podstaw\u0105 przyj\u0119cia do Specjalnego O\u015brodka Szkolno \u2013 Wychowawczego \u00a0im. ks. Jana Twardowskiego \u00a0we W\u0142odawie jest:<\/strong><\/p>\n<ol>\n<li><span style=\"color: #333333;\">Podanie o przyj\u0119cie dziecka do plac\u00f3wki, podpisane przez rodzic\u00f3w lub prawnych opiekun\u00f3w.<\/span><\/li>\n<li><span style=\"color: #333333;\">Aktualne orzeczenie poradni psychologiczno \u2013 pedagogicznej o potrzebie kszta\u0142cenia specjalnego.<\/span><\/li>\n<li><span style=\"color: #333333;\">Skierowanie dziecka do plac\u00f3wki wydane przez organ prowadz\u0105cy\u00a0(Starostwo Powiatowe we\u00a0 W\u0142odawie).<\/span><\/li>\n<\/ol>\n<p style=\"padding-left: 60px;\"><a href=\"https:\/\/sosw.powiatwlodawski.pl\/wp-content\/uploads\/2017\/06\/Podanie-o-przyj\u0119cie-do-Bran\u017cowej-Szko\u0142y-Specjalnej-I-Stopnia-Nr-2.doc\">Podanie o przyj\u0119cie do Bran\u017cowej Szko\u0142y Specjalnej I Stopnia Nr 2<\/a><\/p>\n<p style=\"padding-left: 60px;\"><a href=\"https:\/\/sosw.powiatwlodawski.pl\/wp-content\/uploads\/2017\/06\/Podanie-o-przyj\u0119cie-do-Szko\u0142y-Specjalnej-Przysposabiaj\u0105cej-do-Pracy.doc\">Podanie o przyj\u0119cie do Szko\u0142y Specjalnej Przysposabiaj\u0105cej do Pracy<\/a><\/p>\n<p style=\"padding-left: 60px;\"><a href=\"https:\/\/sosw.powiatwlodawski.pl\/wp-content\/uploads\/2017\/06\/Podanie-o-przyj\u0119cie-do-zespo\u0142u-rewalidacyjno-wychowawczego.doc\">Podanie o przyj\u0119cie do zespo\u0142u rewalidacyjno-wychowawczego<\/a><\/p>\n<p style=\"padding-left: 60px;\"><a href=\"https:\/\/sosw.powiatwlodawski.pl\/wp-content\/uploads\/2017\/06\/Podanie-Wczesne-Wspomaganie-Rozwoju-Dziecka.doc\">Podanie Wczesne Wspomaganie Rozwoju Dziecka\u00a0 \/\u00a0<\/a><a href=\"https:\/\/sosw.powiatwlodawski.pl\/wp-content\/uploads\/2019\/09\/oswiadczenie-wwrd.pdf\">O\u015bwiadczenie<\/a><\/p>\n<p style=\"padding-left: 60px;\"><a href=\"https:\/\/sosw.powiatwlodawski.pl\/wp-content\/uploads\/2017\/06\/Karta-zg\u0142oszenia-dziecka-do-Przedszkola-Specjalnego.doc\">Karta zg\u0142oszenia dziecka do Przedszkola Specjalnego<\/a><\/p>\n<p style=\"padding-left: 60px;\"><a href=\"https:\/\/sosw.powiatwlodawski.pl\/wp-content\/uploads\/2017\/06\/Podanie-o-przyj\u0119cie-do-Szko\u0142y-Podstawowej-Specjalnej-Nr-4.doc\">Podanie o przyj\u0119cie do Szko\u0142y Podstawowej Specjalnej Nr 4<\/a><\/p>\n<p style=\"padding-left: 60px;\"><a href=\"https:\/\/sosw.powiatwlodawski.pl\/wp-content\/uploads\/2017\/06\/Podanie-o-przyj\u0119cie-do-Przedszkola-Specjalnego.doc\">Podanie o przyj\u0119cie do Przedszkola Specjalnego<\/a><\/p>\n<hr \/>\n<p><strong>\u00a0W przypadku gdy rodzic ubiega si\u0119 o obj\u0119cie dziecka ca\u0142odobow\u0105 opiek\u0105 w grupie wychowawczej w dni nauki szkolnej dodatkowo wymagane jest:<\/strong><\/p>\n<ol>\n<li><a href=\"https:\/\/sosw.powiatwlodawski.pl\/wp-content\/uploads\/2017\/06\/Podanie-o-przyj\u0119cie-do-internatu.doc\">Podanie o przyj\u0119cie dziecka do grupy wychowawczej<\/a><\/li>\n<li><span style=\"color: #333333;\">Podpisanie umowy\u00a0 dotycz\u0105cej pokrywania koszt\u00f3w wy\u017cywienia dziecka przebywaj\u0105cego w internacie (ksi\u0119gowo\u015b\u0107, pok\u00f3j nr 6)<\/span><\/li>\n<li><a href=\"https:\/\/sosw.powiatwlodawski.pl\/wp-content\/uploads\/2019\/09\/upowa\u017cnienie-do-podawania-lek\u00f3w-grupy-wychowawcze.pdf\">Upowa\u017cnienie do podania lek\u00f3w<\/a><br \/>\n<hr \/>\n<\/li>\n<\/ol>\n","protected":false},"excerpt":{"rendered":"<p>Podstaw\u0105 przyj\u0119cia do Specjalnego O\u015brodka Szkolno \u2013 Wychowawczego \u00a0im. ks. Jana Twardowskiego \u00a0we W\u0142odawie jest: Podanie o przyj\u0119cie dziecka do plac\u00f3wki, podpisane przez rodzic\u00f3w lub prawnych<span class=\"excerpt-hellip\"> [\u2026]<\/span><\/p>\n","protected":false},"author":2,"featured_media":0,"parent":0,"menu_order":0,"comment_status":"closed","ping_status":"closed","template":"","meta":{"footnotes":""},"_links":{"self":[{"href":"https:\/\/sosw.powiatwlodawski.pl\/index.php\/wp-json\/wp\/v2\/pages\/2653"}],"collection":[{"href":"https:\/\/sosw.powiatwlodawski.pl\/index.php\/wp-json\/wp\/v2\/pages"}],"about":[{"href":"https:\/\/sosw.powiatwlodawski.pl\/index.php\/wp-json\/wp\/v2\/types\/page"}],"author":[{"embeddable":true,"href":"https:\/\/sosw.powiatwlodawski.pl\/index.php\/wp-json\/wp\/v2\/users\/2"}],"replies":[{"embeddable":true,"href":"https:\/\/sosw.powiatwlodawski.pl\/index.php\/wp-json\/wp\/v2\/comments?post=2653"}],"version-history":[{"count":18,"href":"https:\/\/sosw.powiatwlodawski.pl\/index.php\/wp-json\/wp\/v2\/pages\/2653\/revisions"}],"predecessor-version":[{"id":15617,"href":"https:\/\/sosw.powiatwlodawski.pl\/index.php\/wp-json\/wp\/v2\/pages\/2653\/revisions\/15617"}],"wp:attachment":[{"href":"https:\/\/sosw.powiatwlodawski.pl\/index.php\/wp-json\/wp\/v2\/media?parent=2653"}],"curies":[{"name":"wp","href":"https:\/\/api.w.org\/{rel}","templated":true}]}}