{"id":2486,"date":"2017-04-10T08:35:45","date_gmt":"2017-04-10T06:35:45","guid":{"rendered":"http:\/\/sosw.powiatwlodawski.pl\/?page_id=2486"},"modified":"2026-03-31T12:07:45","modified_gmt":"2026-03-31T10:07:45","slug":"dokumenty","status":"publish","type":"page","link":"https:\/\/sosw.powiatwlodawski.pl\/index.php\/dokumenty\/","title":{"rendered":"Dokumenty"},"content":{"rendered":"<ul>\n<li style=\"list-style-type: none;\">\n<ul>\n<li><a href=\"https:\/\/sosw.powiatwlodawski.pl\/wp-content\/uploads\/2026\/03\/PLAN-2026.pdf\" target=\"_blank\" rel=\"noopener\">PLAN PRACY SOSW<\/a><\/li>\n<li><a href=\"https:\/\/sosw.powiatwlodawski.pl\/wp-content\/uploads\/2025\/11\/Kalendarz-roku-szkolnego-2025-2026.pdf.pdf\" target=\"_blank\" rel=\"noopener\">KALENDARZ ROKU SZKOLNEGO 2025\/2026<\/a><\/li>\n<li><a href=\"https:\/\/view.genial.ly\/64d3e07b1557cf001a234792\/interactive-content-untitled-genially\">WYKAZ UDZIA\u0141U UCZNI\u00d3W W KONKURSACH, TURNIEJACH SZKOLNYCH I POZASZKOLNYCH <\/a>\u00a0 &#8211;\u00a0 <span style=\"color: #000000;\"><a style=\"color: #000000;\" href=\"https:\/\/sosw.powiatwlodawski.pl\/wp-content\/uploads\/2026\/02\/zalaczniki-do-regulaminu-wycieczki.doc\" target=\"_blank\" rel=\"noopener\">za\u0142\u0105cznik<\/a><\/span><\/li>\n<li><a href=\"https:\/\/sosw.powiatwlodawski.pl\/wp-content\/uploads\/2024\/10\/standardy_SOSW.pdf\" target=\"_blank\" rel=\"noopener\">STANDARDY OCHRONY MA\u0141OLETNICH W SOSW<\/a><\/li>\n<li><em><strong>STATUTY<\/strong><\/em><\/li>\n<li><a href=\"https:\/\/sosw.powiatwlodawski.pl\/wp-content\/uploads\/2022\/09\/Statut_SOSW_01_09_22.pdf\">STATUT SOSW<\/a><\/li>\n<li><a href=\"https:\/\/sosw.powiatwlodawski.pl\/wp-content\/uploads\/2022\/09\/Przedszkole-Statut_01_09_22.pdf\">STATUT PUBLICZNEGO PRZEDSZKOLA SPECJALNEGO<\/a><\/li>\n<li><a href=\"https:\/\/sosw.powiatwlodawski.pl\/wp-content\/uploads\/2022\/09\/STATUT-SP_01_09_22.pdf\">STATUT SZKO\u0141Y PODSTAWOWEJ SPECJALNEJ<\/a><\/li>\n<li><a href=\"https:\/\/sosw.powiatwlodawski.pl\/wp-content\/uploads\/2022\/09\/STATUTBranzowa_01_09_22.pdf\">STATUT BRAN\u017bOWEJ SZKO\u0141Y SPECJALNEJ I STOPNIA<\/a><\/li>\n<li><a href=\"https:\/\/sosw.powiatwlodawski.pl\/wp-content\/uploads\/2022\/09\/Statut-SSPDP_01_09_22.pdf\">STATUT SZKO\u0141Y SPECJALNEJ PRZYSPOSABIAJ\u0104CEJ DO PRACY<\/a><\/li>\n<li><em><strong>PROGRAMY<\/strong><\/em><\/li>\n<li><a href=\"https:\/\/sosw.powiatwlodawski.pl\/wp-content\/uploads\/2021\/10\/Program-Wychowawczo-Profilaktyczny.pdf\" target=\"_blank\" rel=\"noopener noreferrer\">PROGRAM WYCHOWAWCZO &#8211; PROFILAKTYCZNY<\/a> \/ <a href=\"https:\/\/sosw.powiatwlodawski.pl\/wp-content\/uploads\/2021\/10\/Plan-dzialan-Programu-Wychowawczo-Profilaktycznego.pdf\" target=\"_blank\" rel=\"noopener noreferrer\">PLAN DZIA\u0141A\u0143 PROGRAMU WYCHOWAWCZO &#8211;\u00a0 PROFILAKTCZNEGO<\/a><\/li>\n<li><a href=\"https:\/\/sosw.powiatwlodawski.pl\/wp-content\/uploads\/2018\/09\/Program-Wychowawczo-Profilaktyczny-Przedszkola-w-SOSW.pdf\">PROGRAM WYCHOWAWCZO &#8211; PROFILAKTYCZNY PRZEDSZKOLA<\/a><\/li>\n<li><a href=\"https:\/\/sosw.powiatwlodawski.pl\/wp-content\/uploads\/2020\/03\/programy-profilaktyczne-realizowane-w-2020.pdf\">PROGRAMY PROFILAKTYCZNE REALIZOWANE W SOSW<\/a><\/li>\n<li><em><strong>REGULAMINY<\/strong><\/em><\/li>\n<li><a href=\"https:\/\/sosw.powiatwlodawski.pl\/wp-content\/uploads\/2020\/02\/REGULAMIN-GRUP-WYCHOWAWCZYCH.pdf\">REGULAMIN GRUP WYCHOWAWCZYCH<\/a><\/li>\n<li><a href=\"https:\/\/sosw.powiatwlodawski.pl\/wp-content\/uploads\/2017\/04\/Regulamin-\u015bwietlicy.pdf\">REGULAMIN \u015aWIETLICY<\/a>\u00a0\/<a href=\"https:\/\/sosw.powiatwlodawski.pl\/wp-content\/uploads\/2021\/02\/Karta-zapisu-do-swietlicy-nowe.doc\"> KARTA ZAPISU DZIECKA DO \u015aWIETLICY SZKOLNEJ\u00a0<\/a><\/li>\n<li><a href=\"https:\/\/sosw.powiatwlodawski.pl\/wp-content\/uploads\/2020\/02\/regulamin-wycieczek.pdf\">REGULAMIN WYCIECZEK<\/a><a href=\"https:\/\/sosw.powiatwlodawski.pl\/wp-content\/uploads\/2020\/02\/regulamin-wycieczek.pdf\">\u00a0 \/ <\/a><a href=\"https:\/\/sosw.powiatwlodawski.pl\/wp-content\/uploads\/2019\/09\/za\u0142\u0105czniki-do-regulaminu-wycieczki.pdf\">ZA\u0141\u0104CZNIKI<\/a><\/li>\n<li><a href=\"https:\/\/sosw.powiatwlodawski.pl\/wp-content\/uploads\/2019\/09\/regulamin-wyj\u015b\u0107-wyjazd\u00f3w-zawody-przegl\u0105dy-sosw-1.pdf\">REGULAMIN WYJ\u015a\u0106\/WYJAZD\u00d3W \/<\/a> <a href=\"https:\/\/sosw.powiatwlodawski.pl\/wp-content\/uploads\/2019\/09\/za\u0142acznik-rejestr-wyj\u015b\u0107.pdf\">ZA\u0141\u0104CZNIK REJESTR WYJ\u015a\u0106 <\/a><a href=\"https:\/\/sosw.powiatwlodawski.pl\/wp-content\/uploads\/2019\/09\/regulamin-wyj\u015b\u0107-wyjazd\u00f3w-zawody-przegl\u0105dy-sosw-1.pdf\">\\\u00a0<\/a><a href=\"https:\/\/sosw.powiatwlodawski.pl\/wp-content\/uploads\/2019\/09\/Za\u0142\u0105czniki-do-Regulaminu-Wyjazd\u00f3w-na-zawody.pdf\">ZA\u0141\u0104CZNIKI WYJAZDU<\/a><\/li>\n<li><em><strong>KONCEPCJA PRACY<\/strong><\/em><\/li>\n<li><a href=\"https:\/\/sosw.powiatwlodawski.pl\/wp-content\/uploads\/2018\/09\/Koncepcja-Pracy-SOSW-na-lata-2018-2023.pdf\">KONCEPCJA PRACY SPECJALNEGO O\u015aRODKA SZKOLNO &#8211; WYCHOWAWCZEGO<\/a><\/li>\n<li><a href=\"https:\/\/sosw.powiatwlodawski.pl\/wp-content\/uploads\/2017\/04\/KONCEPCJA-PRACY-PRZEDSZKOLA-SPECJALNEGO-WE-W\u0141ODAWIE.pdf\">KONCEPCJA PRACY PRZEDSZKOLA SPECJALNEGO<\/a><\/li>\n<li><em><strong>POZOSTA\u0141E DOKUMENTY<\/strong><\/em><\/li>\n<li><a href=\"https:\/\/sosw.powiatwlodawski.pl\/wp-content\/uploads\/2020\/02\/procedura-innowacja.doc\">PROCEDURA STOSOWANIA W PROCESIE KSZTA\u0141CENIA INNOWACJNYCH ROZWI\u0104ZA\u0143 PROGRAMOWYCH, ORGANIZACYJNYCH LUB METODYCZNYCH<\/a><\/li>\n<li><a href=\"https:\/\/sosw.powiatwlodawski.pl\/wp-content\/uploads\/2021\/10\/Ocenianie_2021-1.pdf\" target=\"_blank\" rel=\"noopener noreferrer\">OCENIANIE WEWN\u0104TRZSZKOLNE<\/a><\/li>\n<li><a href=\"https:\/\/sosw.powiatwlodawski.pl\/wp-content\/uploads\/2017\/04\/PROCEDURA-PRZYPROWADZANIA-I-ODBIERANIA.pdf\">PROCEDURA PRZYPROWADZANIA I ODBIERANIA DZIECI W PRZEDSZKOLU<\/a><\/li>\n<li><a href=\"https:\/\/sosw.powiatwlodawski.pl\/wp-content\/uploads\/2018\/10\/Zasady-funkcjonowania-monitoringu-wizyjnego-1.pdf\">ZASADY FUNKCJONOWANIA MONITORINGU WIZYJNEGO<\/a><\/li>\n<li><a href=\"https:\/\/soswwlodawa.bip.lubelskie.pl\/index.php?id=66&amp;p1=szczegoly&amp;p2=1268271\">INSPEKTOR OCHRONY DANYCH<\/a><\/li>\n<li><a href=\"https:\/\/sosw.powiatwlodawski.pl\/wp-content\/uploads\/2019\/09\/upowa\u017cnienie-do-podawania-lek\u00f3w-przedszkole.pdf\">UPOWA\u017bNIENIE DO PODAWANIA LEK\u00d3W W PRZEDSZKOLU<\/a><\/li>\n<li><a href=\"https:\/\/sosw.powiatwlodawski.pl\/wp-content\/uploads\/2025\/11\/KLAUZULA-RODO.odt\" target=\"_blank\" rel=\"noopener\">KLAUZULA RODO<\/a><\/li>\n<\/ul>\n<\/li>\n<\/ul>\n\n\n<p><\/p>\n","protected":false},"excerpt":{"rendered":"<p>PLAN PRACY SOSW KALENDARZ ROKU SZKOLNEGO 2025\/2026 WYKAZ UDZIA\u0141U UCZNI\u00d3W W KONKURSACH, TURNIEJACH SZKOLNYCH I POZASZKOLNYCH \u00a0 &#8211;\u00a0 za\u0142\u0105cznik STANDARDY OCHRONY MA\u0141OLETNICH W SOSW STATUTY STATUT<span class=\"excerpt-hellip\"> [\u2026]<\/span><\/p>\n","protected":false},"author":2,"featured_media":0,"parent":0,"menu_order":0,"comment_status":"closed","ping_status":"closed","template":"","meta":{"footnotes":""},"_links":{"self":[{"href":"https:\/\/sosw.powiatwlodawski.pl\/index.php\/wp-json\/wp\/v2\/pages\/2486"}],"collection":[{"href":"https:\/\/sosw.powiatwlodawski.pl\/index.php\/wp-json\/wp\/v2\/pages"}],"about":[{"href":"https:\/\/sosw.powiatwlodawski.pl\/index.php\/wp-json\/wp\/v2\/types\/page"}],"author":[{"embeddable":true,"href":"https:\/\/sosw.powiatwlodawski.pl\/index.php\/wp-json\/wp\/v2\/users\/2"}],"replies":[{"embeddable":true,"href":"https:\/\/sosw.powiatwlodawski.pl\/index.php\/wp-json\/wp\/v2\/comments?post=2486"}],"version-history":[{"count":139,"href":"https:\/\/sosw.powiatwlodawski.pl\/index.php\/wp-json\/wp\/v2\/pages\/2486\/revisions"}],"predecessor-version":[{"id":15829,"href":"https:\/\/sosw.powiatwlodawski.pl\/index.php\/wp-json\/wp\/v2\/pages\/2486\/revisions\/15829"}],"wp:attachment":[{"href":"https:\/\/sosw.powiatwlodawski.pl\/index.php\/wp-json\/wp\/v2\/media?parent=2486"}],"curies":[{"name":"wp","href":"https:\/\/api.w.org\/{rel}","templated":true}]}}