{"id":12594,"date":"2022-10-02T20:28:19","date_gmt":"2022-10-02T18:28:19","guid":{"rendered":"http:\/\/sosw.powiatwlodawski.pl\/?page_id=12594"},"modified":"2022-10-02T21:36:55","modified_gmt":"2022-10-02T19:36:55","slug":"rzadowy-program-kompleksowego-wsparcia-dla-rodzin-za-zyciem","status":"publish","type":"page","link":"https:\/\/sosw.powiatwlodawski.pl\/index.php\/rzadowy-program-kompleksowego-wsparcia-dla-rodzin-za-zyciem\/","title":{"rendered":"RZ\u0104DOWY PROGRAM  KOMPLEKSOWEGO WSPARCIA DLA RODZIN \u201e ZA \u017bYCIEM\u201d"},"content":{"rendered":"\n<p> <\/p>\n\n\n<p><a href=\"https:\/\/sosw.powiatwlodawski.pl\/wp-content\/uploads\/2022\/10\/Regulamin.pdf\" target=\"_blank\" rel=\"noopener\"><strong>REGULAMIN\u00a0 UDZIA\u0141U W RZ\u0104DOWYM PROGRAMIE\u00a0\u00a0 KOMPLEKSOWEGO WSPARCIA DLA RODZIN \u201e ZA \u017bYCIEM<\/strong>\u201d <\/a><\/p>\n<p><a href=\"https:\/\/sosw.powiatwlodawski.pl\/wp-content\/uploads\/2022\/10\/Podanie.pdf\" target=\"_blank\" rel=\"noopener\"><strong>WNIOSEK O OBJ\u0118CIE WSPARCIEM W RAMACH RZ\u0104DOWEGO PROGRAMU &#8222;ZA \u017bYCIEM&#8221;<\/strong><\/a><\/p>\n<p><a href=\"https:\/\/sosw.powiatwlodawski.pl\/wp-content\/uploads\/2022\/10\/Oswiadczenie.pdf\" target=\"_blank\" rel=\"noopener\"><strong>O\u015aWIADCZENIE<\/strong><\/a><\/p>\n\n\n\n","protected":false},"excerpt":{"rendered":"<p>REGULAMIN\u00a0 UDZIA\u0141U W RZ\u0104DOWYM PROGRAMIE\u00a0\u00a0 KOMPLEKSOWEGO WSPARCIA DLA RODZIN \u201e ZA \u017bYCIEM\u201d WNIOSEK O OBJ\u0118CIE WSPARCIEM W RAMACH RZ\u0104DOWEGO PROGRAMU &#8222;ZA \u017bYCIEM&#8221; O\u015aWIADCZENIE<\/p>\n","protected":false},"author":3,"featured_media":0,"parent":0,"menu_order":0,"comment_status":"closed","ping_status":"closed","template":"","meta":{"footnotes":""},"_links":{"self":[{"href":"https:\/\/sosw.powiatwlodawski.pl\/index.php\/wp-json\/wp\/v2\/pages\/12594"}],"collection":[{"href":"https:\/\/sosw.powiatwlodawski.pl\/index.php\/wp-json\/wp\/v2\/pages"}],"about":[{"href":"https:\/\/sosw.powiatwlodawski.pl\/index.php\/wp-json\/wp\/v2\/types\/page"}],"author":[{"embeddable":true,"href":"https:\/\/sosw.powiatwlodawski.pl\/index.php\/wp-json\/wp\/v2\/users\/3"}],"replies":[{"embeddable":true,"href":"https:\/\/sosw.powiatwlodawski.pl\/index.php\/wp-json\/wp\/v2\/comments?post=12594"}],"version-history":[{"count":8,"href":"https:\/\/sosw.powiatwlodawski.pl\/index.php\/wp-json\/wp\/v2\/pages\/12594\/revisions"}],"predecessor-version":[{"id":12612,"href":"https:\/\/sosw.powiatwlodawski.pl\/index.php\/wp-json\/wp\/v2\/pages\/12594\/revisions\/12612"}],"wp:attachment":[{"href":"https:\/\/sosw.powiatwlodawski.pl\/index.php\/wp-json\/wp\/v2\/media?parent=12594"}],"curies":[{"name":"wp","href":"https:\/\/api.w.org\/{rel}","templated":true}]}}