{"id":12268,"date":"2021-03-31T08:01:25","date_gmt":"2021-03-31T06:01:25","guid":{"rendered":"http:\/\/sosw.powiatwlodawski.pl\/?page_id=12268"},"modified":"2021-03-31T08:01:25","modified_gmt":"2021-03-31T06:01:25","slug":"deklaracja-dostepnosci","status":"publish","type":"page","link":"https:\/\/sosw.powiatwlodawski.pl\/index.php\/deklaracja-dostepnosci\/","title":{"rendered":"Deklaracja dost\u0119pno\u015bci"},"content":{"rendered":"\n<p><\/p>\n\n\n\n<h1 id=\"a11y-deklaracja\">Deklaracja dost\u0119pno\u015bci SOSW we W\u0142odawie<\/h1>\n<p id=\"a11y-wstep\"><span id=\"a11y-podmiot\">Specjalny O\u015brodek Szkolno &#8211; Wychowawczy im. ks. Jana Twardowskiego we W\u0142odawie<\/span> zobowi\u0105zuje si\u0119 zapewni\u0107 dost\u0119pno\u015b\u0107 swojej strony internetowej zgodnie z przepisami ustawy z dnia 4&nbsp;kwietnia 2019&nbsp;r. o&nbsp;dost\u0119pno\u015bci cyfrowej stron internetowych i&nbsp;aplikacji mobilnych podmiot\u00f3w publicznych. O\u015bwiadczenie w sprawie dost\u0119pno\u015bci ma zastosowanie do strony internetowej <a id=\"a11y-url\" href=\"https:\/\/sosw.powiatwlodawski.pl\/\">SOSW we W\u0142odawie<\/a>.<\/p>\n<ul>\n    <li>Data publikacji strony internetowej: <time id=\"a11y-data-publikacja\" datetime=\"2015-03-02\">2015-03-02<\/time><\/li>\n    <li>Data ostatniej istotnej aktualizacji: <time id=\"a11y-data-aktualizacja\" datetime=\"2021-03-29\">2021-03-29<\/time><\/li>\n<\/ul>\n<h2>Status pod wzgl\u0119dem zgodno\u015bci z ustaw\u0105<\/h2>\n    <p>Strona internetowa jest <strong id=\"a11y-status\">cz\u0119\u015bciowo zgodna<\/strong> z&nbsp;ustaw\u0105 o&nbsp;dost\u0119pno\u015bci cyfrowej stron internetowych i&nbsp;aplikacji mobilnych podmiot\u00f3w publicznych z&nbsp;powodu niezgodno\u015bci lub wy\u0142\u0105cze\u0144 wymienionych poni\u017cej.<\/p>\n\n<h3>Tre\u015bci niedost\u0119pne<\/h3>\n    <ul>\n            <li>\n            -Pewne tre\u015bci opublikowane na stronie mog\u0105 by\u0107 niedost\u0119pne z uwagi na fakt, \u017ce zosta\u0142y opublikowane przed wej\u015bciem w \u017cycie ustawy o dost\u0119pno\u015bci cyfrowej.\n        <\/li>\n            <li>\n            -Brak audiodeskrypcji oraz napis\u00f3w dla materia\u0142\u00f3w video\/multimedialnych opublikowanych przed wej\u015bciem w \u017cycie ustawy o dost\u0119pno\u015bci cyfrowej;\n        <\/li>\n            <li>\n            -Pewne zdj\u0119cia\/grafiki zawieraj\u0105 nieadekwatne tytu\u0142y alternatywne.\n        <\/li>\n            <li>\n            -Pojawi\u0105 si\u0119 b\u0142\u0119dy w semantyce html.\n        <\/li>\n        <\/ul>\n\n\n\n<h3> Przygotowanie deklaracji w sprawie dost\u0119pno\u015bci<\/h3>\n<ul>\n<li>Deklaracj\u0119 sporz\u0105dzono dnia:  <time id=\"a11y-data-sporzadzenie\" datetime=\"2021-03-30\">2021-03-30<\/time><\/li>\n<li>Deklaracj\u0119 zosta\u0142a ostatnio poddana przegl\u0105dowi i aktualizacji dnia:  <time id=\"a11y-data-deklaracja-przeglad\" datetime=\"2021-03-30\">2021-03-30<\/time><\/li>\n<\/ul>\n\n    <p>Deklaracj\u0119 sporz\u0105dzono na podstawie samooceny. <\/p>\n\n\n<h2 id=\"a11y-kontakt\">Informacje zwrotne i dane kontaktowe<\/h2>\n<ul>\n<li>Za rozpatrywanie uwag i wniosk\u00f3w odpowiada:  <span id=\"a11y-osoba\">Irena Dejer<\/span>.<\/li>\n<li>E-mail: <span id=\"a11y-email\">sekretariat@sosw.powiatwlodawski.pl<\/span><\/li>\n<li>Telefon: <span id=\"a11y-telefon\">(82)5721336<\/span><\/li>\n<\/ul>\n\n<p id=\"a11y-procedura\">Ka\u017cdy ma prawo:<\/p>\n<ul>\n    <li>zg\u0142osi\u0107 uwagi dotycz\u0105ce dost\u0119pno\u015bci cyfrowej strony lub jej elementu,<\/li>\n    <li>zg\u0142osi\u0107 \u017c\u0105danie zapewnienia dost\u0119pno\u015bci cyfrowej strony lub jej elementu,<\/li>\n    <li>wnioskowa\u0107 o udost\u0119pnienie niedost\u0119pnej informacji w innej alternatywnej formie.<\/li>\n<\/ul>\n<p>\u017b\u0105danie musi zawiera\u0107:<\/p>\n<ul>\n    <li>dane kontaktowe osoby zg\u0142aszaj\u0105cej,<\/li>\n    <li>wskazanie strony lub elementu strony, kt\u00f3rej dotyczy \u017c\u0105danie,<\/li>\n    <li>wskazanie dogodnej formy udost\u0119pnienia informacji, je\u015bli \u017c\u0105danie dotyczy udost\u0119pnienia w formie alternatywnej informacji niedost\u0119pnej.<\/li>\n<\/ul>\n<p>Rozpatrzenie zg\u0142oszenia powinno nast\u0105pi\u0107 niezw\u0142ocznie, najp\u00f3\u017aniej w ci\u0105gu 7 dni. Je\u015bli w tym terminie zapewnienie dost\u0119pno\u015bci albo zapewnienie dost\u0119pu w alternatywnej formie nie jest mo\u017cliwe, powinno nast\u0105pi\u0107 najdalej w ci\u0105gu 2 miesi\u0119cy od daty zg\u0142oszenia.<\/p>\n\n<h3>Skargi i odwo\u0142ania<\/h3>\n<p>Na niedotrzymanie tych termin\u00f3w oraz na odmow\u0119 realizacji \u017c\u0105dania mo\u017cna z\u0142o\u017cy\u0107 skarg\u0119 do organu nadzoruj\u0105cego poczt\u0105 lub drog\u0105 elektroniczn\u0105 na adres:<\/p>\n<ul>\n<li>Organ nadzoruj\u0105cy: przejmie informujemy, \u017ce zgodnie z ustaw\u0105 z dnia 4 kwietnia 2019 r. o dost\u0119pno\u015bci cyfrowej stron internetowych i aplikacji mobilnych podmiot w publicznych ka\u017cdy ma prawo wyst\u0105pi\u0107 do podmiotu publicznego z \u017c\u0105daniem udost\u0119pnienia cyfrowego wskazanej strony internetowej, aplikacji mobilnej lub ich element w, ewentualnie zapewnienia dost\u0119pu alternatywnego, na warunkach okre\u015blonych w ustawie. W przypadku odmowy wnosz\u0105cy \u017c\u0105danie mo\u017cne z\u0142o\u017cy\u0107 skarg\u0119 z zastosowaniem przepis w ustawy z dnia 14 czerwca 1960 r. Kodeks post\u0119powania administracyjnego, a tak\u017ce powiadomi\u0107 Rzecznika Praw Obywatelskich: www.rpo.gov.pl<\/li>\n<li>Adres: Biuro Rzecznika Praw Obywatelskich<br \/>\nal. Solidarno\u015bci 77<br \/>\n00-090 Warszawa<\/li>\n<li>E-mail: biurorzecznika@brpo.gov.pl<\/li>\n<li>Telefon: 800 676 676<\/li>\n<\/ul>\n<p>Skarg\u0119 mo\u017cna z\u0142o\u017cy\u0107 r\u00f3wnie\u017c do  <a href=\"https:\/\/www.rpo.gov.pl\/content\/jak-zglosic-sie-do-rzecznika-praw-obywatelskich\">Rzecznika Praw Obywatelskich<\/a>.<\/p>\n\n<h2 id=\"a11y-architektura\">Dost\u0119pno\u015b\u0107 architektoniczna<\/h2>\n<p>Wej\u015bcie g\u0142&oacute;wne do budynku posiada podjazd do transportu os&oacute;b niepe\u0142nosprawnych poruszaj\u0105cych si\u0119 na w&oacute;zkach inwalidzkich. Korytarze, hole oraz winda umo\u017cliwiaj\u0105 komunikacj\u0119 i swobodne poruszanie si\u0119 os&oacute;b niepe\u0142nosprawnych. Na terenie budynku istnieje mo\u017cliwo\u015b\u0107 poruszania si\u0119 os&oacute;b niepe\u0142nosprawnych z psem asystuj\u0105cym. W przypadku braku mo\u017cliwo\u015bci poruszania si\u0119, wszelkie sprawy mo\u017cna za\u0142atwi\u0107 na parterze budynku po przywo\u0142aniu danego pracownika. Toalety wewn\u0105trz budynku przystosowane s\u0105 do potrzeb os&oacute;b niepe\u0142nosprawnych.<\/p>\n\n\n","protected":false},"excerpt":{"rendered":"<p>Deklaracja dost\u0119pno\u015bci SOSW we W\u0142odawie Specjalny O\u015brodek Szkolno &#8211; Wychowawczy im. ks. Jana Twardowskiego we W\u0142odawie zobowi\u0105zuje si\u0119 zapewni\u0107 dost\u0119pno\u015b\u0107 swojej strony internetowej zgodnie z przepisami<span class=\"excerpt-hellip\"> [\u2026]<\/span><\/p>\n","protected":false},"author":2,"featured_media":0,"parent":0,"menu_order":0,"comment_status":"closed","ping_status":"closed","template":"","meta":{"footnotes":""},"_links":{"self":[{"href":"https:\/\/sosw.powiatwlodawski.pl\/index.php\/wp-json\/wp\/v2\/pages\/12268"}],"collection":[{"href":"https:\/\/sosw.powiatwlodawski.pl\/index.php\/wp-json\/wp\/v2\/pages"}],"about":[{"href":"https:\/\/sosw.powiatwlodawski.pl\/index.php\/wp-json\/wp\/v2\/types\/page"}],"author":[{"embeddable":true,"href":"https:\/\/sosw.powiatwlodawski.pl\/index.php\/wp-json\/wp\/v2\/users\/2"}],"replies":[{"embeddable":true,"href":"https:\/\/sosw.powiatwlodawski.pl\/index.php\/wp-json\/wp\/v2\/comments?post=12268"}],"version-history":[{"count":1,"href":"https:\/\/sosw.powiatwlodawski.pl\/index.php\/wp-json\/wp\/v2\/pages\/12268\/revisions"}],"predecessor-version":[{"id":12269,"href":"https:\/\/sosw.powiatwlodawski.pl\/index.php\/wp-json\/wp\/v2\/pages\/12268\/revisions\/12269"}],"wp:attachment":[{"href":"https:\/\/sosw.powiatwlodawski.pl\/index.php\/wp-json\/wp\/v2\/media?parent=12268"}],"curies":[{"name":"wp","href":"https:\/\/api.w.org\/{rel}","templated":true}]}}