{"id":12048,"date":"2020-12-01T10:27:46","date_gmt":"2020-12-01T09:27:46","guid":{"rendered":"http:\/\/sosw.powiatwlodawski.pl\/?page_id=12048"},"modified":"2021-02-21T20:31:36","modified_gmt":"2021-02-21T19:31:36","slug":"stowarzyszenie-lepsze-jutro","status":"publish","type":"page","link":"https:\/\/sosw.powiatwlodawski.pl\/index.php\/stowarzyszenie-lepsze-jutro\/","title":{"rendered":"Stowarzyszenie LEPSZE JUTRO"},"content":{"rendered":"<hr>\n<h5><span style=\"color: #800000;\"><strong>Projekt: &#8222;Chcemy by\u0107 tacy sami&#8230;.zaj\u0119cia pozalekcyjne ze Stowarzyszeniem LEPSZE JUTRO&#8221;<\/strong><\/span><\/h5>\n<ul>\n<li>\n<p><a href=\"https:\/\/sosw.powiatwlodawski.pl\/wp-content\/uploads\/2020\/12\/Kwestionariusz-ankiety-dla-rodzicow.pdf\" target=\"_blank\" rel=\"noopener noreferrer\"><span style=\"color: #000000;\">KWESTIONARIUSZ ANKIETY DLA RODZIC\u00d3W UCZNIA ZE SPECJALNYMI POTRZEBAMI EDUKACYJNYMI KWALIFIKACJA DO PROJEKTU <strong>\u201eCHCEMY BY\u0106 TACY SAMI \u2026 ZAJ\u0118CIA POZALEKCYJNE ZE STOWARZYSZENIEM LEPSZE JUTRO\u201d &#8211; <em>pobierz<\/em><\/strong><\/span><\/a><\/p>\n<\/li>\n<li><a href=\"https:\/\/sosw.powiatwlodawski.pl\/wp-content\/uploads\/2020\/12\/ZAPYTANIE-OFERTOWE-matematyka.pdf\" target=\"_blank\" rel=\"noopener noreferrer\"><span style=\"color: #000000;\">ZAPYTANIE OFERTOWE nr 1\/11\/2020 NA REALIZACJ\u0118 US\u0141UGI \u201eKOREPETYCJE Z MATEMATYKI\u201d- DLA NIEPE\u0141NOSPRAWNYCH UCZNI\u00d3W SZK\u00d3\u0141 PODSTAWOWYCH, \u015aREDNICH I MATURZYST\u00d3W &#8211; UCZESTNIK\u00d3W PROJEKTU &#8211; <strong><em>pobierz<\/em><\/strong><\/span><\/a><\/li>\n<li><a href=\"https:\/\/sosw.powiatwlodawski.pl\/wp-content\/uploads\/2020\/12\/ZAPYTANIE-OFERTOWE-j.angielski-1.pdf\" target=\"_blank\" rel=\"noopener noreferrer\"><span style=\"color: #000000;\">ZAPYTANIE OFERTOWE nr 2\/11\/2020 <\/span><span style=\"color: #000000;\">NA REALIZACJ\u0118 US\u0141UGI \u201e<strong>KOREPETYCJE Z J\u0118ZYKA ANGIELSKIEGO\u201d &#8211;<\/strong>&nbsp; DLA <\/span><span style=\"color: #000000;\">NIEPE\u0141NOSPRAWNYCH UCZNI\u00d3W SZK\u00d3\u0141 PODSTAWOWYCH, \u015aREDNICH I MATURZYST\u00d3W &#8211; <\/span><span style=\"color: #000000;\">UCZESTNIK\u00d3W PROJEKTU &#8211; <strong><em>pobierz<\/em><\/strong><\/span><\/a><\/li>\n<li><a href=\"https:\/\/sosw.powiatwlodawski.pl\/wp-content\/uploads\/2020\/12\/ZAPYTANIE-OFERTOWE-wsparcie-psychologiczne.pdf\" target=\"_blank\" rel=\"noopener noreferrer\"><span style=\"color: #000000;\">ZAPYTANIE OFERTOWE nr 3\/11\/2020 NA REALIZACJ\u0118 US\u0141UGI \u201eWSPARCIE PSYCHOLOGICZNE \u201d- DLA NIEPE\u0141NOSPRAWNYCH UCZNI\u00d3W SZK\u00d3\u0141&nbsp; PODSTAWOWYCH, \u015aREDNICH I MATURZYST\u00d3W &#8211; UCZESTNIK\u00d3W PROJEKTU &#8211; <em><strong>pobierz<\/strong><\/em><\/span><\/a><\/li>\n<\/ul>\n<hr>\n\n<ul>\n<li><a href=\"https:\/\/sosw.powiatwlodawski.pl\/wp-content\/uploads\/2021\/02\/lepsze-jutro-jpg.jpg\"><span style=\"color: #ff0000;\"><strong>ZAPRASZAMY DO UDZIA\u0141U W WYCIECZCE \u015aLADMI JANA PAW\u0141A II \u00a0<\/strong><\/span><span style=\"color: #ff0000;\"><strong><span style=\"color: #800000;\">WADOWICE &#8211;\u00a0 LUD\u0179MIERZ &#8211; ZAKOPANE<\/span><span style=\"color: #000000;\"> &#8211; <em>pobierz<\/em><\/span><\/strong><\/span><\/a><\/li>\n<\/ul>\n\n<hr \/><hr \/><hr \/>\n<p>\u00a0<\/p>\n\n\n<p><\/p>\n","protected":false},"excerpt":{"rendered":"<p>Projekt: &#8222;Chcemy by\u0107 tacy sami&#8230;.zaj\u0119cia pozalekcyjne ze Stowarzyszeniem LEPSZE JUTRO&#8221; KWESTIONARIUSZ ANKIETY DLA RODZIC\u00d3W UCZNIA ZE SPECJALNYMI POTRZEBAMI EDUKACYJNYMI KWALIFIKACJA DO PROJEKTU \u201eCHCEMY BY\u0106 TACY SAMI<span class=\"excerpt-hellip\"> [\u2026]<\/span><\/p>\n","protected":false},"author":3,"featured_media":0,"parent":0,"menu_order":0,"comment_status":"closed","ping_status":"closed","template":"","meta":{"footnotes":""},"_links":{"self":[{"href":"https:\/\/sosw.powiatwlodawski.pl\/index.php\/wp-json\/wp\/v2\/pages\/12048"}],"collection":[{"href":"https:\/\/sosw.powiatwlodawski.pl\/index.php\/wp-json\/wp\/v2\/pages"}],"about":[{"href":"https:\/\/sosw.powiatwlodawski.pl\/index.php\/wp-json\/wp\/v2\/types\/page"}],"author":[{"embeddable":true,"href":"https:\/\/sosw.powiatwlodawski.pl\/index.php\/wp-json\/wp\/v2\/users\/3"}],"replies":[{"embeddable":true,"href":"https:\/\/sosw.powiatwlodawski.pl\/index.php\/wp-json\/wp\/v2\/comments?post=12048"}],"version-history":[{"count":21,"href":"https:\/\/sosw.powiatwlodawski.pl\/index.php\/wp-json\/wp\/v2\/pages\/12048\/revisions"}],"predecessor-version":[{"id":12222,"href":"https:\/\/sosw.powiatwlodawski.pl\/index.php\/wp-json\/wp\/v2\/pages\/12048\/revisions\/12222"}],"wp:attachment":[{"href":"https:\/\/sosw.powiatwlodawski.pl\/index.php\/wp-json\/wp\/v2\/media?parent=12048"}],"curies":[{"name":"wp","href":"https:\/\/api.w.org\/{rel}","templated":true}]}}